{"id":2187,"date":"2019-09-02T11:24:34","date_gmt":"2019-09-02T11:24:34","guid":{"rendered":"https:\/\/www.thangka-mandala.com\/buy\/mandala-de-avalokiteshvara\/"},"modified":"2019-12-09T09:59:14","modified_gmt":"2019-12-09T09:59:14","slug":"mandala-de-avalokiteshvara","status":"publish","type":"product","link":"https:\/\/www.thangka-mandala.com\/fr\/buy\/mandala-de-avalokiteshvara\/","title":{"rendered":"Mandala de Avalokiteshvara"},"content":{"rendered":"","protected":false},"excerpt":{"rendered":"<p>Ce Mandala de Avalokiteshvara est une pi\u00e8ce de collection, chaque \u00e9l\u00e9ment de cette peinture symbolise un aspect du Bouddhisme particulier. Les tons ainsi que le travail de l&rsquo;or cr\u00e9e une harmonie parfaite, Cette magnifique pi\u00e8ce est avec nous depuis plus de 20 ans.     <\/p>\n","protected":false},"featured_media":1880,"template":"","meta":[],"product_brand":[],"product_cat":[130],"product_tag":[127,123,172,174],"class_list":{"0":"post-2187","1":"product","2":"type-product","3":"status-publish","4":"has-post-thumbnail","6":"product_cat-mandala-fr","7":"product_tag-format-medium","8":"product_tag-marron","9":"product_tag-rouge","10":"product_tag-traditionnelle","13":"first","14":"instock","15":"sold-individually","16":"taxable","17":"shipping-taxable","18":"purchasable","19":"product-type-simple"},"_links":{"self":[{"href":"https:\/\/www.thangka-mandala.com\/fr\/wp-json\/wp\/v2\/product\/2187","targetHints":{"allow":["GET"]}}],"collection":[{"href":"https:\/\/www.thangka-mandala.com\/fr\/wp-json\/wp\/v2\/product"}],"about":[{"href":"https:\/\/www.thangka-mandala.com\/fr\/wp-json\/wp\/v2\/types\/product"}],"wp:featuredmedia":[{"embeddable":true,"href":"https:\/\/www.thangka-mandala.com\/fr\/wp-json\/wp\/v2\/media\/1880"}],"wp:attachment":[{"href":"https:\/\/www.thangka-mandala.com\/fr\/wp-json\/wp\/v2\/media?parent=2187"}],"wp:term":[{"taxonomy":"product_brand","embeddable":true,"href":"https:\/\/www.thangka-mandala.com\/fr\/wp-json\/wp\/v2\/product_brand?post=2187"},{"taxonomy":"product_cat","embeddable":true,"href":"https:\/\/www.thangka-mandala.com\/fr\/wp-json\/wp\/v2\/product_cat?post=2187"},{"taxonomy":"product_tag","embeddable":true,"href":"https:\/\/www.thangka-mandala.com\/fr\/wp-json\/wp\/v2\/product_tag?post=2187"}],"curies":[{"name":"wp","href":"https:\/\/api.w.org\/{rel}","templated":true}]}}