{"id":2188,"date":"2018-03-16T05:13:18","date_gmt":"2018-03-16T05:13:18","guid":{"rendered":"https:\/\/www.thangka-mandala.com\/thangkas\/deites-paisibles\/green-tara\/"},"modified":"2019-10-15T12:09:23","modified_gmt":"2019-10-15T12:09:23","slug":"tara-verte","status":"publish","type":"page","link":"https:\/\/www.thangka-mandala.com\/fr\/thangkas\/deites-paisibles\/tara-verte\/","title":{"rendered":"Green Tara"},"content":{"rendered":"<div id=\"cs-content\" class=\"cs-content\"><\/div>\n","protected":false},"excerpt":{"rendered":"<p>HomeLa Tara Verte tib\u00e9tain. DREULJANG\u00a0 \u00a0 Sanskrit. SYAMATARA La Tara Verte est l&rsquo;une des deux formes les plus populaires de la Tara. Elle est \u00e9galement connue sous le nom de Arya Tara ou de Vasya Tara et peut prendre jusqu&rsquo;\u00e0 10 formes diff\u00e9rentes! Elle joue un r\u00f4le important dans la hi\u00e9rarchie Bouddhiste car elle est la par\u00e8dre d&rsquo;Amoghasiddhi, le Dhyani &#8230; <\/p>\n<div><a href=\"https:\/\/www.thangka-mandala.com\/fr\/thangkas\/deites-paisibles\/tara-verte\/\" class=\"more-link\">Read More<\/a><\/div>\n","protected":false},"author":1,"featured_media":0,"parent":1967,"menu_order":0,"comment_status":"closed","ping_status":"closed","template":"template-blank-4.php","meta":{"footnotes":""},"class_list":["post-2188","page","type-page","status-publish","hentry","no-post-thumbnail"],"_links":{"self":[{"href":"https:\/\/www.thangka-mandala.com\/fr\/wp-json\/wp\/v2\/pages\/2188","targetHints":{"allow":["GET"]}}],"collection":[{"href":"https:\/\/www.thangka-mandala.com\/fr\/wp-json\/wp\/v2\/pages"}],"about":[{"href":"https:\/\/www.thangka-mandala.com\/fr\/wp-json\/wp\/v2\/types\/page"}],"author":[{"embeddable":true,"href":"https:\/\/www.thangka-mandala.com\/fr\/wp-json\/wp\/v2\/users\/1"}],"replies":[{"embeddable":true,"href":"https:\/\/www.thangka-mandala.com\/fr\/wp-json\/wp\/v2\/comments?post=2188"}],"version-history":[{"count":1,"href":"https:\/\/www.thangka-mandala.com\/fr\/wp-json\/wp\/v2\/pages\/2188\/revisions"}],"predecessor-version":[{"id":2189,"href":"https:\/\/www.thangka-mandala.com\/fr\/wp-json\/wp\/v2\/pages\/2188\/revisions\/2189"}],"up":[{"embeddable":true,"href":"https:\/\/www.thangka-mandala.com\/fr\/wp-json\/wp\/v2\/pages\/1967"}],"wp:attachment":[{"href":"https:\/\/www.thangka-mandala.com\/fr\/wp-json\/wp\/v2\/media?parent=2188"}],"curies":[{"name":"wp","href":"https:\/\/api.w.org\/{rel}","templated":true}]}}