{"id":1965,"date":"2018-03-16T05:12:45","date_gmt":"2018-03-16T05:12:45","guid":{"rendered":"https:\/\/www.thangka-mandala.com\/chenrezig\/"},"modified":"2019-10-14T18:43:51","modified_gmt":"2019-10-14T18:43:51","slug":"chenrezig","status":"publish","type":"page","link":"https:\/\/www.thangka-mandala.com\/fr\/thangkas\/deites-paisibles\/chenrezig\/","title":{"rendered":"Chenr\u00e9zig"},"content":{"rendered":"<div id=\"cs-content\" class=\"cs-content\"><\/div>\n","protected":false},"excerpt":{"rendered":"<p>HomeChenr\u00e9zig tib\u00e9tain. celui qui regarde\u00a0 &#8211; ZIG &#8211; \u00a0constamment &#8211; RE &#8211;\u00a0 avec des yeux de compassion &#8211; CHEN &#8211; Il y a plusieurs mill\u00e9naires, Chenrezig a jur\u00e9 qu&rsquo;il ne se reposerait pas avant d&rsquo;avoir lib\u00e9r\u00e9 tous les \u00eatres des voiles du Samsara, c\u2019est ainsi qu\u2019est n\u00e9 le premier Bodhisattva. Croyant Il incarne la compassion de tous les Bouddhas, c\u2019est &#8230; <\/p>\n<div><a href=\"https:\/\/www.thangka-mandala.com\/fr\/thangkas\/deites-paisibles\/chenrezig\/\" class=\"more-link\">Read More<\/a><\/div>\n","protected":false},"author":1,"featured_media":0,"parent":1967,"menu_order":0,"comment_status":"closed","ping_status":"closed","template":"template-blank-4.php","meta":{"footnotes":""},"class_list":["post-1965","page","type-page","status-publish","hentry","no-post-thumbnail"],"_links":{"self":[{"href":"https:\/\/www.thangka-mandala.com\/fr\/wp-json\/wp\/v2\/pages\/1965","targetHints":{"allow":["GET"]}}],"collection":[{"href":"https:\/\/www.thangka-mandala.com\/fr\/wp-json\/wp\/v2\/pages"}],"about":[{"href":"https:\/\/www.thangka-mandala.com\/fr\/wp-json\/wp\/v2\/types\/page"}],"author":[{"embeddable":true,"href":"https:\/\/www.thangka-mandala.com\/fr\/wp-json\/wp\/v2\/users\/1"}],"replies":[{"embeddable":true,"href":"https:\/\/www.thangka-mandala.com\/fr\/wp-json\/wp\/v2\/comments?post=1965"}],"version-history":[{"count":2,"href":"https:\/\/www.thangka-mandala.com\/fr\/wp-json\/wp\/v2\/pages\/1965\/revisions"}],"predecessor-version":[{"id":2137,"href":"https:\/\/www.thangka-mandala.com\/fr\/wp-json\/wp\/v2\/pages\/1965\/revisions\/2137"}],"up":[{"embeddable":true,"href":"https:\/\/www.thangka-mandala.com\/fr\/wp-json\/wp\/v2\/pages\/1967"}],"wp:attachment":[{"href":"https:\/\/www.thangka-mandala.com\/fr\/wp-json\/wp\/v2\/media?parent=1965"}],"curies":[{"name":"wp","href":"https:\/\/api.w.org\/{rel}","templated":true}]}}