{"id":1698,"date":"2019-07-07T13:49:51","date_gmt":"2019-07-07T13:49:51","guid":{"rendered":"https:\/\/www.thangka-mandala.com\/lart-bouddhiste\/"},"modified":"2019-10-21T14:31:43","modified_gmt":"2019-10-21T14:31:43","slug":"lart-bouddhiste","status":"publish","type":"page","link":"https:\/\/www.thangka-mandala.com\/fr\/","title":{"rendered":"l&rsquo;Art Bouddhiste"},"content":{"rendered":"<div id=\"cs-content\" class=\"cs-content\"><\/div>\n","protected":false},"excerpt":{"rendered":"<p>Divinit\u00e9s PaisibleDivinit\u00e9sCourrouc\u00e9e yidams \u00c9tablis au N\u00e9pal en 1979, nous fournissons des Thangkas de qualit\u00e9 \u00e0 nos clients du monde entier depuis 35 ans. En ce temps, nous avons rassembl\u00e9 un certain nombre de beaux tableaux, organis\u00e9s de la m\u00eame mani\u00e8re que les Thangkas sont class\u00e9s: divinit\u00e9s pacifiques , divinit\u00e9s courrouc\u00e9es et yidams . Nous avons \u00e9galement ajout\u00e9 une section pour &#8230; <\/p>\n<div><a href=\"https:\/\/www.thangka-mandala.com\/fr\/\" class=\"more-link\">Read More<\/a><\/div>\n","protected":false},"author":1,"featured_media":0,"parent":0,"menu_order":0,"comment_status":"closed","ping_status":"closed","template":"template-blank-4.php","meta":{"footnotes":""},"class_list":["post-1698","page","type-page","status-publish","hentry","no-post-thumbnail"],"_links":{"self":[{"href":"https:\/\/www.thangka-mandala.com\/fr\/wp-json\/wp\/v2\/pages\/1698","targetHints":{"allow":["GET"]}}],"collection":[{"href":"https:\/\/www.thangka-mandala.com\/fr\/wp-json\/wp\/v2\/pages"}],"about":[{"href":"https:\/\/www.thangka-mandala.com\/fr\/wp-json\/wp\/v2\/types\/page"}],"author":[{"embeddable":true,"href":"https:\/\/www.thangka-mandala.com\/fr\/wp-json\/wp\/v2\/users\/1"}],"replies":[{"embeddable":true,"href":"https:\/\/www.thangka-mandala.com\/fr\/wp-json\/wp\/v2\/comments?post=1698"}],"version-history":[{"count":4,"href":"https:\/\/www.thangka-mandala.com\/fr\/wp-json\/wp\/v2\/pages\/1698\/revisions"}],"predecessor-version":[{"id":1703,"href":"https:\/\/www.thangka-mandala.com\/fr\/wp-json\/wp\/v2\/pages\/1698\/revisions\/1703"}],"wp:attachment":[{"href":"https:\/\/www.thangka-mandala.com\/fr\/wp-json\/wp\/v2\/media?parent=1698"}],"curies":[{"name":"wp","href":"https:\/\/api.w.org\/{rel}","templated":true}]}}